{"id":75,"date":"2024-04-04T04:04:13","date_gmt":"2024-04-04T04:04:13","guid":{"rendered":"https:\/\/aidsnb.com\/?page_id=75"},"modified":"2025-05-25T23:43:34","modified_gmt":"2025-05-25T23:43:34","slug":"home","status":"publish","type":"page","link":"https:\/\/aidsnb.com\/fr\/","title":{"rendered":"AIDS New Brunswick"},"content":{"rendered":"<div class=\"wp-block-buttons is-layout-flex wp-block-buttons-is-layout-flex\"><\/div>\n\n\n\n<div class=\"wp-block-columns alignfull has-background is-layout-flex wp-container-core-columns-is-layout-7ef6e110 wp-block-columns-is-layout-flex\" style=\"background:radial-gradient(rgb(112,22,50) 1%,rgb(13,27,39) 100%);margin-top:0;margin-bottom:0;padding-top:0;padding-right:0;padding-bottom:0;padding-left:0\">\n<div class=\"wp-block-column has-background is-layout-flow wp-block-column-is-layout-flow\" style=\"border-style:none;border-width:0px;background:radial-gradient(rgba(36,27,59,0.99) 0%,rgba(112,22,51,0) 100%);padding-top:var(--wp--preset--spacing--20);padding-right:var(--wp--preset--spacing--20);padding-bottom:var(--wp--preset--spacing--20);padding-left:var(--wp--preset--spacing--20);flex-basis:20em\">\n<h2 class=\"wp-block-heading has-text-align-center is-style-lineseparator\">\u00c0 PROPOS<\/h2>\n\n\n\n<p class=\"has-text-align-left has-primary-font-family\">AIDS New Brunswick Inc. is a provincial, non-profit organization that promotes and supports the<br>health and well-being of all people living with and affected by HIV\/AIDS and other sexually<br>transmitted and blood-borne infections (STBBIs). We achieve our mission through a non-judgmental and sex-positive approach<br>to prevention, harm reduction, education, and support.<\/p>\n<\/div>\n\n\n\n<div class=\"wp-block-column is-layout-flow wp-block-column-is-layout-flow\">\n<div class=\"wp-block-group has-white-color has-text-color has-link-color has-primary-font-family has-small-font-size wp-elements-dd46c764674a890db4ad6b02f6b962f0 is-content-justification-center is-layout-flex wp-container-core-group-is-layout-56257d51 wp-block-group-is-layout-flex\" style=\"min-height:0px;margin-top:2em\">\n<div class=\"wp-block-group is-style-default is-layout-flow wp-container-core-group-is-layout-dc35bc7e wp-block-group-is-layout-flow\" style=\"border-radius:0px;min-height:0px;margin-top:0;margin-bottom:0\">\n<div class=\"wp-block-buttons is-horizontal is-content-justification-center is-layout-flex wp-container-core-buttons-is-layout-a177dc3f wp-block-buttons-is-layout-flex\" style=\"margin-top:0;margin-bottom:0\">\n<div class=\"wp-block-button has-custom-width wp-block-button__width-100\"><a class=\"wp-block-button__link has-background has-primary-font-family has-normal-font-size has-custom-font-size wp-element-button\" href=\"https:\/\/aidsnb.com\/fr\/events\/\" style=\"border-top-left-radius:1em;border-top-right-radius:1em;border-bottom-left-radius:0px;border-bottom-right-radius:0px;background:linear-gradient(180deg,rgb(13,27,39) 0%,rgb(231,54,86) 0%,rgb(13,27,39) 100%);padding-top:0;padding-right:0;padding-bottom:0;padding-left:0\"><strong>\u00c9VENEMENTS<\/strong><\/a><\/div>\n<\/div>\n\n\n<\/div>\n\n\n\n<div class=\"wp-block-group is-layout-constrained wp-container-core-group-is-layout-4897f5cc wp-block-group-is-layout-constrained\" style=\"margin-top:0;margin-bottom:0;padding-top:0;padding-bottom:0\">\n<div class=\"wp-block-buttons is-horizontal is-content-justification-center is-layout-flex wp-container-core-buttons-is-layout-a177dc3f wp-block-buttons-is-layout-flex\" style=\"margin-top:0;margin-bottom:0\">\n<div class=\"wp-block-button has-custom-width wp-block-button__width-100\"><a class=\"wp-block-button__link has-background has-primary-font-family has-normal-font-size has-custom-font-size wp-element-button\" href=\"https:\/\/aidsnb.com\/fr\/positive-corner\/\" style=\"border-top-left-radius:1em;border-top-right-radius:1em;border-bottom-left-radius:0px;border-bottom-right-radius:0px;background:linear-gradient(180deg,rgb(13,27,39) 0%,rgb(231,54,86) 0%,rgb(13,27,39) 100%);padding-top:0;padding-right:0;padding-bottom:0;padding-left:0\"><strong>LA SALLE SEROPOSITIF<\/strong><\/a><\/div>\n<\/div>\n\n\n<\/div>\n\n\n\n<div class=\"wp-block-group is-layout-constrained wp-container-core-group-is-layout-19e250f3 wp-block-group-is-layout-constrained\">\n<div class=\"wp-block-buttons is-horizontal is-content-justification-center is-nowrap is-layout-flex wp-container-core-buttons-is-layout-ba33ef64 wp-block-buttons-is-layout-flex\" style=\"margin-top:0;margin-bottom:0\">\n<div class=\"wp-block-button has-custom-width wp-block-button__width-100\"><a class=\"wp-block-button__link has-background has-primary-font-family has-normal-font-size has-custom-font-size wp-element-button\" href=\"https:\/\/aidsnb.com\/fr\/staff\/\" style=\"border-top-left-radius:1em;border-top-right-radius:1em;border-bottom-left-radius:0px;border-bottom-right-radius:0px;background:linear-gradient(180deg,rgb(13,27,39) 0%,rgb(231,54,86) 0%,rgb(13,27,39) 100%);padding-top:0;padding-right:0;padding-bottom:0;padding-left:0\"><strong>PERSONNEL<\/strong> &amp; COMIT\u00c9<\/a><\/div>\n<\/div>\n\n\n<\/div>\n\n\n\n<div class=\"wp-block-group is-layout-constrained wp-container-core-group-is-layout-19e250f3 wp-block-group-is-layout-constrained\">\n<div class=\"wp-block-buttons is-horizontal is-content-justification-center is-nowrap is-layout-flex wp-container-core-buttons-is-layout-ba33ef64 wp-block-buttons-is-layout-flex\" style=\"margin-top:0;margin-bottom:0\">\n<div class=\"wp-block-button has-custom-width wp-block-button__width-100\"><a class=\"wp-block-button__link has-background has-primary-font-family has-normal-font-size has-custom-font-size wp-element-button\" href=\"https:\/\/aidsnb.com\/fr\/reports\/\" style=\"border-top-left-radius:1em;border-top-right-radius:1em;border-bottom-left-radius:0px;border-bottom-right-radius:0px;background:linear-gradient(180deg,rgb(13,27,39) 0%,rgb(231,54,86) 0%,rgb(13,27,39) 100%);padding-top:0;padding-right:0;padding-bottom:0;padding-left:0\"><strong>RAPPORTS<\/strong><\/a><\/div>\n<\/div>\n\n\n<\/div>\n\n\n\n<div class=\"wp-block-group is-layout-constrained wp-container-core-group-is-layout-19e250f3 wp-block-group-is-layout-constrained\">\n<div class=\"wp-block-buttons is-horizontal is-content-justification-center is-nowrap is-layout-flex wp-container-core-buttons-is-layout-b2af144c wp-block-buttons-is-layout-flex\" style=\"margin-top:0px;margin-bottom:0px\">\n<div class=\"wp-block-button has-custom-width wp-block-button__width-100\"><a class=\"wp-block-button__link has-background has-primary-font-family has-normal-font-size has-custom-font-size wp-element-button\" href=\"https:\/\/aidsnb.com\/fr\/jobs-and-volunteering\/\" style=\"border-top-left-radius:1em;border-top-right-radius:1em;border-bottom-left-radius:0px;border-bottom-right-radius:0px;background:linear-gradient(180deg,rgb(13,27,39) 0%,rgb(231,54,86) 0%,rgb(13,27,39) 100%);padding-top:0;padding-right:0;padding-bottom:0;padding-left:0\"><strong>EMPLOIS<\/strong> &amp; B\u00c9N\u00c9VOLAT<\/a><\/div>\n<\/div>\n\n\n<\/div>\n\n\n\n<div class=\"wp-block-group is-layout-constrained wp-container-core-group-is-layout-19e250f3 wp-block-group-is-layout-constrained\">\n<div class=\"wp-block-buttons is-horizontal is-content-justification-center is-nowrap is-layout-flex wp-container-core-buttons-is-layout-b984902d wp-block-buttons-is-layout-flex\" style=\"margin-top:0px;margin-bottom:0px\">\n<div class=\"wp-block-button has-custom-width wp-block-button__width-100\"><a class=\"wp-block-button__link has-background has-primary-font-family has-normal-font-size has-custom-font-size wp-element-button\" href=\"https:\/\/aidsnb.com\/fr\/projects\/\" style=\"border-top-left-radius:1em;border-top-right-radius:1em;border-bottom-left-radius:0px;border-bottom-right-radius:0px;background:linear-gradient(180deg,rgb(13,27,39) 0%,rgb(231,54,86) 0%,rgb(13,27,39) 100%);padding-top:0;padding-right:0;padding-bottom:0;padding-left:0\"><strong>PROJETS<\/strong><\/a><\/div>\n<\/div>\n\n\n<\/div>\n<\/div>\n<\/div>\n<\/div>\n\n\n\n<div class=\"wp-block-columns alignfull has-background is-layout-flex wp-container-core-columns-is-layout-b61ab78d wp-block-columns-is-layout-flex\" style=\"background:radial-gradient(rgb(112,22,50) 1%,rgb(13,27,39) 100%);margin-top:0;margin-bottom:0;padding-top:0;padding-right:0;padding-bottom:0;padding-left:0\">\n<div class=\"wp-block-column has-background is-layout-flow wp-block-column-is-layout-flow\" style=\"border-style:none;border-width:0px;background:radial-gradient(rgba(36,27,59,0.99) 0%,rgba(112,22,51,0) 100%);padding-top:var(--wp--preset--spacing--20);padding-right:var(--wp--preset--spacing--20);padding-bottom:var(--wp--preset--spacing--20);padding-left:var(--wp--preset--spacing--20);flex-basis:20em\">\n<h2 class=\"wp-block-heading has-text-align-center is-style-lineseparator\">INFO<\/h2>\n\n\n\n<p class=\"has-text-align-left has-primary-font-family\">L\u00e0 se trouve l'information general au sujet des infections transmises par le sang et sexuellement, et des d\u00e9tails sur la formation et les pr\u00e9sentations offerts.<\/p>\n<\/div>\n\n\n\n<div class=\"wp-block-column is-layout-flow wp-block-column-is-layout-flow\">\n<div class=\"wp-block-group has-white-color has-text-color has-link-color has-primary-font-family has-small-font-size wp-elements-25e34e1693f83565edb6aa30018ba58c is-content-justification-center is-layout-flex wp-container-core-group-is-layout-56257d51 wp-block-group-is-layout-flex\" style=\"min-height:0px;margin-top:2em\">\n<div class=\"wp-block-group JO-fadein is-layout-constrained wp-container-core-group-is-layout-be04af43 wp-block-group-is-layout-constrained\" style=\"border-radius:0px;min-height:0px;margin-top:0;margin-bottom:0\">\n<div class=\"wp-block-buttons is-horizontal is-content-justification-center is-layout-flex wp-container-core-buttons-is-layout-a177dc3f wp-block-buttons-is-layout-flex\" style=\"margin-top:0;margin-bottom:0\">\n<div class=\"wp-block-button has-custom-width wp-block-button__width-100 has-custom-font-size has-primary-font-family has-normal-font-size\"><a class=\"wp-block-button__link has-background wp-element-button\" href=\"https:\/\/aidsnb.com\/fr\/safer-sex\/\" style=\"border-top-left-radius:1em;border-top-right-radius:1em;border-bottom-left-radius:0px;border-bottom-right-radius:0px;background:linear-gradient(180deg,rgb(13,27,39) 0%,rgb(231,54,86) 0%,rgb(13,27,39) 100%);padding-top:0;padding-right:0;padding-bottom:0;padding-left:0\"><strong>SEXE PLUS S\u00c9CURITAIRE<\/strong><\/a><\/div>\n<\/div>\n\n\n<\/div>\n\n\n\n<div class=\"wp-block-group is-layout-constrained wp-container-core-group-is-layout-19e250f3 wp-block-group-is-layout-constrained\">\n<div class=\"wp-block-buttons is-horizontal is-content-justification-center is-nowrap is-layout-flex wp-container-core-buttons-is-layout-ba33ef64 wp-block-buttons-is-layout-flex\" style=\"margin-top:0;margin-bottom:0\">\n<div class=\"wp-block-button has-custom-width wp-block-button__width-100 has-custom-font-size has-primary-font-family has-normal-font-size\"><a class=\"wp-block-button__link has-background wp-element-button\" href=\"https:\/\/aidsnb.com\/fr\/hepatitis-c\/\" style=\"border-top-left-radius:1em;border-top-right-radius:1em;border-bottom-left-radius:0px;border-bottom-right-radius:0px;background:linear-gradient(180deg,rgb(13,27,39) 0%,rgb(231,54,86) 0%,rgb(13,27,39) 100%);padding-top:0;padding-right:0;padding-bottom:0;padding-left:0\"><strong>L'H\u00c9PATITE C<\/strong><\/a><\/div>\n<\/div>\n\n\n<\/div>\n\n\n\n<div class=\"wp-block-group is-layout-constrained wp-container-core-group-is-layout-4897f5cc wp-block-group-is-layout-constrained\" style=\"margin-top:0;margin-bottom:0;padding-top:0;padding-bottom:0\">\n<div class=\"wp-block-buttons is-horizontal is-content-justification-center is-layout-flex wp-container-core-buttons-is-layout-a177dc3f wp-block-buttons-is-layout-flex\" style=\"margin-top:0;margin-bottom:0\">\n<div class=\"wp-block-button has-custom-width wp-block-button__width-100 has-custom-font-size has-primary-font-family has-normal-font-size\"><a class=\"wp-block-button__link has-background wp-element-button\" href=\"https:\/\/aidsnb.com\/fr\/hiv-aids\/\" style=\"border-top-left-radius:1em;border-top-right-radius:1em;border-bottom-left-radius:0px;border-bottom-right-radius:0px;background:linear-gradient(180deg,rgb(13,27,39) 0%,rgb(231,54,86) 0%,rgb(13,27,39) 100%);padding-top:0;padding-right:0;padding-bottom:0;padding-left:0\"><strong>VIH\/SIDA<\/strong><\/a><\/div>\n<\/div>\n\n\n<\/div>\n\n\n\n<div class=\"wp-block-group is-layout-constrained wp-container-core-group-is-layout-19e250f3 wp-block-group-is-layout-constrained\">\n<div class=\"wp-block-buttons is-horizontal is-content-justification-center is-nowrap is-layout-flex wp-container-core-buttons-is-layout-ba33ef64 wp-block-buttons-is-layout-flex\" style=\"margin-top:0;margin-bottom:0\">\n<div class=\"wp-block-button has-custom-width wp-block-button__width-100 has-custom-font-size has-primary-font-family has-normal-font-size\"><a class=\"wp-block-button__link has-background wp-element-button\" href=\"https:\/\/aidsnb.com\/fr\/training-and-presentations\/\" style=\"border-top-left-radius:1em;border-top-right-radius:1em;border-bottom-left-radius:0px;border-bottom-right-radius:0px;background:linear-gradient(180deg,rgb(13,27,39) 0%,rgb(231,54,86) 0%,rgb(13,27,39) 100%);padding-top:0;padding-right:0;padding-bottom:0;padding-left:0\"><strong>PRESENTATIONS<\/strong><\/a><\/div>\n<\/div>\n\n\n<\/div>\n\n\n\n<div class=\"wp-block-group is-layout-constrained wp-container-core-group-is-layout-19e250f3 wp-block-group-is-layout-constrained\">\n<div class=\"wp-block-buttons is-horizontal is-content-justification-center is-nowrap is-layout-flex wp-container-core-buttons-is-layout-f24223ec wp-block-buttons-is-layout-flex\">\n<div class=\"wp-block-button has-custom-width wp-block-button__width-100 has-custom-font-size has-primary-font-family has-normal-font-size\"><a class=\"wp-block-button__link has-background wp-element-button\" href=\"https:\/\/aidsnb.com\/fr\/prevention\/\" style=\"border-top-left-radius:1em;border-top-right-radius:1em;border-bottom-left-radius:0px;border-bottom-right-radius:0px;background:linear-gradient(180deg,rgb(13,27,39) 0%,rgb(231,54,86) 0%,rgb(13,27,39) 100%);padding-top:0;padding-right:0;padding-bottom:0;padding-left:0\"><strong>PR\u00c9VENTION<\/strong><\/a><\/div>\n<\/div>\n\n\n<\/div>\n\n\n\n<div class=\"wp-block-group is-layout-constrained wp-container-core-group-is-layout-19e250f3 wp-block-group-is-layout-constrained\">\n<div class=\"wp-block-buttons is-horizontal is-content-justification-center is-nowrap is-layout-flex wp-container-core-buttons-is-layout-f24223ec wp-block-buttons-is-layout-flex\">\n<div class=\"wp-block-button has-custom-width wp-block-button__width-100 has-custom-font-size has-primary-font-family has-normal-font-size\"><a class=\"wp-block-button__link has-background wp-element-button\" href=\"https:\/\/aidsnb.com\/fr\/donate\/\" style=\"border-top-left-radius:1em;border-top-right-radius:1em;border-bottom-left-radius:0px;border-bottom-right-radius:0px;background:linear-gradient(180deg,rgb(13,27,39) 0%,rgb(231,54,86) 0%,rgb(13,27,39) 100%);padding-top:0;padding-right:0;padding-bottom:0;padding-left:0\"><strong>FAIRE UN DON<\/strong><\/a><\/div>\n<\/div>\n\n\n<\/div>\n\n\n\n<div class=\"wp-block-group is-layout-constrained wp-container-core-group-is-layout-19e250f3 wp-block-group-is-layout-constrained\">\n<div class=\"wp-block-buttons is-horizontal is-content-justification-center is-nowrap is-layout-flex wp-container-core-buttons-is-layout-f24223ec wp-block-buttons-is-layout-flex\">\n<div class=\"wp-block-button has-custom-width wp-block-button__width-100 has-custom-font-size has-primary-font-family has-normal-font-size\"><a class=\"wp-block-button__link has-background wp-element-button\" href=\"https:\/\/aidsnb.com\/fr\/hiv-aids\/\" style=\"border-top-left-radius:1em;border-top-right-radius:1em;border-bottom-left-radius:0px;border-bottom-right-radius:0px;background:linear-gradient(180deg,rgb(13,27,39) 0%,rgb(231,54,86) 0%,rgb(13,27,39) 100%);padding-top:0;padding-right:0;padding-bottom:0;padding-left:0\"><strong>I=I<\/strong><\/a><\/div>\n<\/div>\n\n\n<\/div>\n<\/div>\n<\/div>\n<\/div>","protected":false},"excerpt":{"rendered":"<p>ABOUT AIDS New Brunswick Inc. is a provincial, non-profit organization that promotes and supports thehealth and well-being of all people<\/p>","protected":false},"author":1,"featured_media":0,"parent":0,"menu_order":0,"comment_status":"closed","ping_status":"closed","template":"template-basic","meta":{"footnotes":""},"class_list":["post-75","page","type-page","status-publish","hentry"],"_links":{"self":[{"href":"https:\/\/aidsnb.com\/fr\/wp-json\/wp\/v2\/pages\/75","targetHints":{"allow":["GET"]}}],"collection":[{"href":"https:\/\/aidsnb.com\/fr\/wp-json\/wp\/v2\/pages"}],"about":[{"href":"https:\/\/aidsnb.com\/fr\/wp-json\/wp\/v2\/types\/page"}],"author":[{"embeddable":true,"href":"https:\/\/aidsnb.com\/fr\/wp-json\/wp\/v2\/users\/1"}],"replies":[{"embeddable":true,"href":"https:\/\/aidsnb.com\/fr\/wp-json\/wp\/v2\/comments?post=75"}],"version-history":[{"count":86,"href":"https:\/\/aidsnb.com\/fr\/wp-json\/wp\/v2\/pages\/75\/revisions"}],"predecessor-version":[{"id":2531,"href":"https:\/\/aidsnb.com\/fr\/wp-json\/wp\/v2\/pages\/75\/revisions\/2531"}],"wp:attachment":[{"href":"https:\/\/aidsnb.com\/fr\/wp-json\/wp\/v2\/media?parent=75"}],"curies":[{"name":"wp","href":"https:\/\/api.w.org\/{rel}","templated":true}]}}